{"id":109,"date":"2025-03-14T01:49:51","date_gmt":"2025-03-14T01:49:51","guid":{"rendered":"https:\/\/www.kotech.fi\/?page_id=109"},"modified":"2025-03-16T20:10:07","modified_gmt":"2025-03-16T20:10:07","slug":"palvelut","status":"publish","type":"page","link":"https:\/\/www.kotech.fi\/index.php\/palvelut\/","title":{"rendered":"Palvelut"},"content":{"rendered":"\n<p><\/p>\n\n\n\n<ol start=\"1\" class=\"wp-block-list\">\n<li><strong>Teollisuuden kunnossapito<\/strong>\n<ul class=\"wp-block-list\">\n<li>Ennakoiva ja korjaava kunnossapito, joka minimoi seisokkiajan ja varmistaa tuotannon sujuvuuden.<\/li>\n\n\n\n<li>Laitteistojen, koneiden ja j\u00e4rjestelmien huolto ja tarkastukset teollisuuden eri sektoreilla.<\/li>\n\n\n\n<li>S\u00e4\u00e4nn\u00f6llinen kunnossapito ja asiakasr\u00e4\u00e4t\u00e4l\u00f6idyt huoltosopimukset.<\/li>\n<\/ul>\n<\/li>\n\n\n\n<li><strong>Asennuspalvelut<\/strong>\n<ul class=\"wp-block-list\">\n<li>Teollisuuden laitteiden ja koneiden asennus sek\u00e4 k\u00e4ytt\u00f6\u00f6notto.<\/li>\n<\/ul>\n<\/li>\n\n\n\n<li><strong>Vikakorjaukset ja h\u00e4t\u00e4huolto<\/strong>\n<ul class=\"wp-block-list\">\n<li>Kiireelliset vikakorjaukset, jotka palauttavat tuotannon nopeasti normaalitilaan.<\/li>\n\n\n\n<li>24\/7 saatavilla oleva p\u00e4ivystys, joka tukee asiakkaita ongelmatilanteissa ymp\u00e4ri Suomen.<\/li>\n<\/ul>\n<\/li>\n\n\n\n<li><strong>Projektinhallinta ja kokonaisvaltaiset ratkaisut<\/strong>\n<ul class=\"wp-block-list\">\n<li>Suunnittelemme ja toteutamme kunnossapidon ja asennuksen kokonaisprojektit aina alusta loppuun saakka.<\/li>\n\n\n\n<li>Aikataulutus, resurssien hallinta ja laadunvalvonta osana kaikkia projektejamme.<\/li>\n<\/ul>\n<\/li>\n<\/ol>\n","protected":false},"excerpt":{"rendered":"","protected":false},"author":1,"featured_media":0,"parent":0,"menu_order":0,"comment_status":"closed","ping_status":"closed","template":"","meta":{"om_disable_all_campaigns":false,"_monsterinsights_skip_tracking":false,"_monsterinsights_sitenote_active":false,"_monsterinsights_sitenote_note":"","_monsterinsights_sitenote_category":0,"site-sidebar-layout":"default","site-content-layout":"","ast-site-content-layout":"","site-content-style":"default","site-sidebar-style":"default","ast-global-header-display":"","ast-banner-title-visibility":"","ast-main-header-display":"","ast-hfb-above-header-display":"","ast-hfb-below-header-display":"","ast-hfb-mobile-header-display":"","site-post-title":"disabled","ast-breadcrumbs-content":"","ast-featured-img":"","footer-sml-layout":"","ast-disable-related-posts":"","theme-transparent-header-meta":"","adv-header-id-meta":"","stick-header-meta":"","header-above-stick-meta":"","header-main-stick-meta":"","header-below-stick-meta":"","astra-migrate-meta-layouts":"default","ast-page-background-enabled":"default","ast-page-background-meta":{"desktop":{"background-color":"var(--ast-global-color-5)","background-image":"","background-repeat":"repeat","background-position":"center center","background-size":"auto","background-attachment":"scroll","background-type":"","background-media":"","overlay-type":"","overlay-color":"","overlay-opacity":"","overlay-gradient":""},"tablet":{"background-color":"","background-image":"","background-repeat":"repeat","background-position":"center center","background-size":"auto","background-attachment":"scroll","background-type":"","background-media":"","overlay-type":"","overlay-color":"","overlay-opacity":"","overlay-gradient":""},"mobile":{"background-color":"","background-image":"","background-repeat":"repeat","background-position":"center center","background-size":"auto","background-attachment":"scroll","background-type":"","background-media":"","overlay-type":"","overlay-color":"","overlay-opacity":"","overlay-gradient":""}},"ast-content-background-meta":{"desktop":{"background-color":"var(--ast-global-color-4)","background-image":"","background-repeat":"repeat","background-position":"center center","background-size":"auto","background-attachment":"scroll","background-type":"","background-media":"","overlay-type":"","overlay-color":"","overlay-opacity":"","overlay-gradient":""},"tablet":{"background-color":"var(--ast-global-color-4)","background-image":"","background-repeat":"repeat","background-position":"center center","background-size":"auto","background-attachment":"scroll","background-type":"","background-media":"","overlay-type":"","overlay-color":"","overlay-opacity":"","overlay-gradient":""},"mobile":{"background-color":"var(--ast-global-color-4)","background-image":"","background-repeat":"repeat","background-position":"center center","background-size":"auto","background-attachment":"scroll","background-type":"","background-media":"","overlay-type":"","overlay-color":"","overlay-opacity":"","overlay-gradient":""}},"footnotes":""},"class_list":["post-109","page","type-page","status-publish","hentry"],"aioseo_notices":[],"_links":{"self":[{"href":"https:\/\/www.kotech.fi\/index.php\/wp-json\/wp\/v2\/pages\/109","targetHints":{"allow":["GET"]}}],"collection":[{"href":"https:\/\/www.kotech.fi\/index.php\/wp-json\/wp\/v2\/pages"}],"about":[{"href":"https:\/\/www.kotech.fi\/index.php\/wp-json\/wp\/v2\/types\/page"}],"author":[{"embeddable":true,"href":"https:\/\/www.kotech.fi\/index.php\/wp-json\/wp\/v2\/users\/1"}],"replies":[{"embeddable":true,"href":"https:\/\/www.kotech.fi\/index.php\/wp-json\/wp\/v2\/comments?post=109"}],"version-history":[{"count":2,"href":"https:\/\/www.kotech.fi\/index.php\/wp-json\/wp\/v2\/pages\/109\/revisions"}],"predecessor-version":[{"id":120,"href":"https:\/\/www.kotech.fi\/index.php\/wp-json\/wp\/v2\/pages\/109\/revisions\/120"}],"wp:attachment":[{"href":"https:\/\/www.kotech.fi\/index.php\/wp-json\/wp\/v2\/media?parent=109"}],"curies":[{"name":"wp","href":"https:\/\/api.w.org\/{rel}","templated":true}]}}